{"id":136,"date":"2019-07-14T11:54:46","date_gmt":"2019-07-14T11:54:46","guid":{"rendered":"https:\/\/bibliotecaandersen.wordpress.com\/?page_id=136"},"modified":"2021-12-12T16:52:03","modified_gmt":"2021-12-12T16:52:03","slug":"a-nosa-biblioteca","status":"publish","type":"page","link":"https:\/\/biblioteca.colexioandersen.es\/index.php\/a-nosa-biblioteca\/","title":{"rendered":"A NOSA BIBLIOTECA"},"content":{"rendered":"<h5><img decoding=\"async\" class=\" size-full wp-image-15 aligncenter\" src=\"https:\/\/bibliotecasecundaria.files.wordpress.com\/2017\/06\/stairs-lights-abstract-bubbles1-e1548353102584.jpg?w=736\" alt=\"Placeholder Image\" \/><\/h5>\n<p style=\"text-align: justify;\">A biblioteca <span style=\"color: #2c9473;\"><strong>facilita<\/strong><\/span> o acceso \u00e1 lectura e \u00e1 informaci\u00f3n, actuando como un mecanismo compensador das desigualdades.<\/p>\n<p style=\"text-align: justify;\">A biblioteca <span style=\"color: #2c9473;\"><strong>promove<\/strong><\/span> metodolox\u00edas que permitan adquirir habilidades e destrezas no uso da informaci\u00f3n como os traballos por proxectos, que permiten tem\u00e9n avaliar non s\u00f3 os resultados obtidos, sen\u00f3n tam\u00e9n os procesos levados a cabo.<\/p>\n<p style=\"text-align: justify;\">Traballar na biblioteca, utilizar os seus recursos e servizos <span style=\"color: #2c9473;\"><strong>conduce<\/strong><\/span> \u00e1 adquisici\u00f3n das competencias no tratamento da informaci\u00f3n, que s\u00f3 poden basearse na pr\u00e1ctica aplicada a un contexto real.<\/p>\n<p style=\"text-align: justify;\">A biblioteca <span style=\"color: #2c9473;\"><strong>impulsa<\/strong><\/span> programaci\u00f3ns transversais, que involucran \u00e1s distintas \u00e1reas, para a aprendizaxe de t\u00e9cnicas de acceso, valoraci\u00f3n, uso e produci\u00f3n da informaci\u00f3n, en calquera soporte.<\/p>\n<p style=\"text-align: justify;\">A biblioteca <strong><span style=\"color: #2c9473;\">d\u00e1 luz<\/span>.<\/strong><\/p>\n<hr \/>\n<h6><a href=\"http:\/\/www.opacmeiga.rbgalicia.org\/Biblioteca.aspx?CodigoBiblioteca=PEP012\" target=\"_blank\" rel=\"noopener noreferrer\">Aqu\u00ed podes consultar todos os fondos cos que conta a secci\u00f3n de infantil e primaria<\/a><\/h6>\n<h6><a href=\"http:\/\/www.opacmeiga.rbgalicia.org\/Biblioteca.aspx?CodigoBiblioteca=PEP026\" target=\"_blank\" rel=\"noopener noreferrer\">Aqu\u00ed podes consultar todos os fondos cos que conta a secci\u00f3n de secundaria.<\/a><\/h6>\n<h6><a href=\"https:\/\/drive.google.com\/file\/d\/1-Vl0EqgfjcUf4kYT0IMWT9koEH0tnIjE\/view?usp=sharing\" target=\"_blank\" rel=\"noopener noreferrer\">Se non sabes facelo, aqu\u00ed explic\u00e1mosche como.<\/a><\/h6>\n<h6><a href=\"https:\/\/drive.google.com\/open?id=1bufpp3uYPzP2tUQgzq550AAwNqDuPBFZ\">Aqu\u00ed podes consultar o noso tr\u00edptico<\/a><\/h6>\n<h6><a href=\"https:\/\/drive.google.com\/open?id=1klPrg_MvtpagOj4yPZqwi2pEtAPEEwo9\">Aqu\u00ed podes gozar co noso calendario 19\/20<\/a><\/h6>\n","protected":false},"excerpt":{"rendered":"<p>A biblioteca facilita o acceso \u00e1 lectura e \u00e1 informaci\u00f3n, actuando como un mecanismo compensador das desigualdades. A biblioteca promove metodolox\u00edas que permitan adquirir habilidades e destrezas no uso da informaci\u00f3n como os traballos por proxectos, que permiten tem\u00e9n avaliar&#8230; <a class=\"more-link\" href=\"https:\/\/biblioteca.colexioandersen.es\/index.php\/a-nosa-biblioteca\/\">Continue Reading &rarr;<\/a><\/p>\n","protected":false},"author":2,"featured_media":0,"parent":0,"menu_order":0,"comment_status":"closed","ping_status":"closed","template":"","meta":{"footnotes":""},"_links":{"self":[{"href":"https:\/\/biblioteca.colexioandersen.es\/index.php\/wp-json\/wp\/v2\/pages\/136"}],"collection":[{"href":"https:\/\/biblioteca.colexioandersen.es\/index.php\/wp-json\/wp\/v2\/pages"}],"about":[{"href":"https:\/\/biblioteca.colexioandersen.es\/index.php\/wp-json\/wp\/v2\/types\/page"}],"author":[{"embeddable":true,"href":"https:\/\/biblioteca.colexioandersen.es\/index.php\/wp-json\/wp\/v2\/users\/2"}],"replies":[{"embeddable":true,"href":"https:\/\/biblioteca.colexioandersen.es\/index.php\/wp-json\/wp\/v2\/comments?post=136"}],"version-history":[{"count":2,"href":"https:\/\/biblioteca.colexioandersen.es\/index.php\/wp-json\/wp\/v2\/pages\/136\/revisions"}],"predecessor-version":[{"id":430,"href":"https:\/\/biblioteca.colexioandersen.es\/index.php\/wp-json\/wp\/v2\/pages\/136\/revisions\/430"}],"wp:attachment":[{"href":"https:\/\/biblioteca.colexioandersen.es\/index.php\/wp-json\/wp\/v2\/media?parent=136"}],"curies":[{"name":"wp","href":"https:\/\/api.w.org\/{rel}","templated":true}]}}