{"id":502,"date":"2020-09-21T15:56:00","date_gmt":"2020-09-21T15:56:00","guid":{"rendered":"http:\/\/biblioteca.colexioandersen.es\/?page_id=502"},"modified":"2022-09-27T06:32:35","modified_gmt":"2022-09-27T06:32:35","slug":"proxecto-didactico-integrado","status":"publish","type":"page","link":"https:\/\/biblioteca.colexioandersen.es\/index.php\/proxecto-didactico-integrado\/","title":{"rendered":"PROXECTO DOCUMENTAL INTEGRADO"},"content":{"rendered":"\n<p class=\"has-accent-color has-text-color has-larger-font-size\"><strong>CURSO 2022-2023<\/strong><\/p>\n\n\n\n<p class=\"has-white-color has-accent-background-color has-text-color has-background has-larger-font-size\" style=\"font-style:normal;font-weight:800\">A HISTORIA ENTRE COSTURAS<\/p>\n\n\n\n<p><\/p>\n\n\n\n<div class=\"wp-block-media-text alignwide is-stacked-on-mobile\" style=\"grid-template-columns:42% auto\"><figure class=\"wp-block-media-text__media\"><img loading=\"lazy\" decoding=\"async\" width=\"803\" height=\"611\" src=\"https:\/\/biblioteca.colexioandersen.es\/wp-content\/uploads\/2022\/09\/Captura-de-pantalla-de-2022-09-26-20-28-11.png.png\" alt=\"\" class=\"wp-image-771 size-full\" srcset=\"https:\/\/biblioteca.colexioandersen.es\/wp-content\/uploads\/2022\/09\/Captura-de-pantalla-de-2022-09-26-20-28-11.png.png 803w, https:\/\/biblioteca.colexioandersen.es\/wp-content\/uploads\/2022\/09\/Captura-de-pantalla-de-2022-09-26-20-28-11.png-300x228.png 300w, https:\/\/biblioteca.colexioandersen.es\/wp-content\/uploads\/2022\/09\/Captura-de-pantalla-de-2022-09-26-20-28-11.png-768x584.png 768w, https:\/\/biblioteca.colexioandersen.es\/wp-content\/uploads\/2022\/09\/Captura-de-pantalla-de-2022-09-26-20-28-11.png-600x457.png 600w\" sizes=\"(max-width: 803px) 100vw, 803px\" \/><\/figure><div class=\"wp-block-media-text__content\">\n<p class=\"has-small-font-size\" style=\"font-style:normal;font-weight:100\"><em>&#8230;desde tempos remotos as mulleres contaron historias, cantaron romances e enfiaron versos ao amor da fogueira. Ao longo dos tempos, foron sobre todo as mulleres as encargadas de deslear na noite a memoria dos contos. Foron as tecedoras de relatos e retallos. (&#8230;) Por iso textos e tecidos comparten tantas palabras: a trama do relato, o n\u00f3 do argumento, o f\u00edo da historia, o desenlace da narraci\u00f3n; enrolarse os miolos, bordar un discurso, fiar fino, urdir unha intriga. Por iso os vellos mitos f\u00e1lannos da tea de Pen\u00e9lope, das t\u00fanicas de Naus\u00edcaa, dos bordados de Aracne, do f\u00edo de Ariadna, da febra da vida que fiaban as moiras, do lenzo dos destinos que cos\u00edan as nortas, do tapiz m\u00e1xico de Sherezade.<\/em><br>                                           <em>O infinito nun xunco<\/em>. Irene Vallejo. Siruela.<\/p>\n<\/div><\/div>\n\n\n\n<p class=\"has-accent-color has-text-color\"><br><strong>Proposta da Biblioteca da Escola para a comunidade educativa<\/strong><br><\/p>\n\n\n\n<p>O PDI que imos desenvolver durante este curso 2022-2023 leva por t\u00edtulo \u201cA historia entre costuras\u201d.<\/p>\n\n\n<div class=\"wp-block-image\">\n<figure class=\"alignright size-full is-resized\"><img loading=\"lazy\" decoding=\"async\" src=\"https:\/\/biblioteca.colexioandersen.es\/wp-content\/uploads\/2022\/09\/Captura-de-pantalla-de-2022-09-26-20-32-24-1.png-1.png\" alt=\"\" class=\"wp-image-773\" width=\"223\" height=\"180\" srcset=\"https:\/\/biblioteca.colexioandersen.es\/wp-content\/uploads\/2022\/09\/Captura-de-pantalla-de-2022-09-26-20-32-24-1.png-1.png 528w, https:\/\/biblioteca.colexioandersen.es\/wp-content\/uploads\/2022\/09\/Captura-de-pantalla-de-2022-09-26-20-32-24-1.png-1-300x243.png 300w\" sizes=\"(max-width: 223px) 100vw, 223px\" \/><\/figure><\/div>\n\n\n<p>Este proxecto parte da biblioteca escolar e involucra a todos os niveis educativos e departamentos das diversas materias e, en xeral, a toda a comunidade educativa; sendo obxecto de estudo e investigaci\u00f3n, os tecidos e a s\u00faa composici\u00f3n, os complementos, os diversos oficios relacionados coa costura, a sostenibilidade da industria t\u00e9xtil, a evoluci\u00f3n da indumentaria, e mesmo da moda, a trav\u00e9s das distintas \u00e9pocas.<\/p>\n\n\n\n<p class=\"has-accent-color has-text-color\"><br><strong>Obxectivos do proxecto<\/strong><\/p>\n\n\n\n<ul><li>Conseguir que o alumnado co\u00f1eza a evoluci\u00f3n da indumentaria ao longo da historia.<\/li><li>Aprender sobre a vestimenta en tempos pasados.&nbsp;<\/li><li>Descubrir a relaci\u00f3n entre moda e publicidade (televisi\u00f3n, internet, redes sociais..)<\/li><li>Valorar a influencia da moda na xente nova.<\/li><li>Analizar o papel dos<em> influencers <\/em>nas persoas.<\/li><li>Reflexionar como a industria t\u00e9xtil pode contribu\u00edr a restablecer ou recuperar a contorna, a segunda man e a reciclaxe, novos tecidos e materiais<\/li><li>Descubrir o&nbsp; impacto sobre a urbanizaci\u00f3n das cidades.<\/li><li>Analizar os cambios nas relaci\u00f3ns sociais derivados da evoluci\u00f3n da compra no xastre\/a, na tenda, no centro comercial ata a compra a trav\u00e9s da Internet.<\/li><li>Contribu\u00edr ao desenvolvemento das competencias b\u00e1sicas a trav\u00e9s dun centro de interese tan motivador como a moda e os complementos.<\/li><li>Fomentar a curiosidade polos oficios que xiran en torno \u00e1 industria&nbsp; t\u00e9xtil.<\/li><li>Reflexionar sobre a necesidade de manter condutas sostibles: tecidos naturais, ser consciente do impacto da produci\u00f3n t\u00e9xtil na contaminaci\u00f3n das augas do planeta&#8230;<\/li><li>Comprender o que sucede nos distintos puntos da cadea de confecci\u00f3n das prendas que vestimos, que hai detr\u00e1s da deslocalizaci\u00f3n das f\u00e1bricas t\u00e9xtiles e como viven as persoas que fabricaron a nosa roupa antes de chegar a n\u00f3s.<\/li><li>Comprender os aspectos socioculturais relacionados co mundo da moda.&nbsp;<\/li><li>Co\u00f1ecer diferentes formas de vestimentas nas distintas culturas.<\/li><\/ul>\n\n\n\n<hr class=\"wp-block-separator has-alpha-channel-opacity\"\/>\n\n\n\n<p class=\"has-accent-color has-text-color has-larger-font-size\"><strong>CURSO 2021-2022<\/strong><\/p>\n\n\n\n<p class=\"has-white-color has-accent-background-color has-text-color has-background has-larger-font-size\" style=\"font-style:normal;font-weight:800\"><strong>AL\u00c9N DO AZUL<\/strong><\/p>\n\n\n\n<figure class=\"wp-block-image size-full\"><img loading=\"lazy\" decoding=\"async\" width=\"623\" height=\"385\" src=\"https:\/\/biblioteca.colexioandersen.es\/wp-content\/uploads\/2021\/10\/IMG_4844.jpg\" alt=\"\" class=\"wp-image-724\" srcset=\"https:\/\/biblioteca.colexioandersen.es\/wp-content\/uploads\/2021\/10\/IMG_4844.jpg 623w, https:\/\/biblioteca.colexioandersen.es\/wp-content\/uploads\/2021\/10\/IMG_4844-300x185.jpg 300w, https:\/\/biblioteca.colexioandersen.es\/wp-content\/uploads\/2021\/10\/IMG_4844-600x371.jpg 600w\" sizes=\"(max-width: 623px) 100vw, 623px\" \/><\/figure>\n\n\n\n<p class=\"has-large-font-size\">Durante o curso 2021-2022 Colexio Andersen merg\u00fallase nun novo PDI titulado <em>Al\u00e9n do azul<\/em>, baseado no libro que leva este t\u00edtulo de Sara Carrasco e Silvia Iglesias, editorial Catroventos, para que toda a comunidade educativa participe dunha viaxe que nos permita co\u00f1ecer as paisaxes e seres dun mundo acu\u00e1tico ameazado polos impactos do cambio clim\u00e1tico e a contaminaci\u00f3n.<\/p>\n\n\n\n<div data-wp-interactive=\"\" class=\"wp-block-file\"><object data-wp-bind--hidden=\"!selectors.core.file.hasPdfPreview\" hidden class=\"wp-block-file__embed\" data=\"https:\/\/biblioteca.colexioandersen.es\/wp-content\/uploads\/2021\/10\/Proxecto-Documental-Integrado-ALEN-DO-AZUL-Curso-21_22-3-1.pdf\" type=\"application\/pdf\" style=\"width:100%;height:600px\" aria-label=\"Incrustado de Incrustado de PDI &quot;ALEN DO AZUL&quot; 21-22..\"><\/object><a id=\"wp-block-file--media-fcb5bac0-379c-4bc7-89ce-f99f009696e6\" href=\"https:\/\/biblioteca.colexioandersen.es\/wp-content\/uploads\/2021\/10\/Proxecto-Documental-Integrado-ALEN-DO-AZUL-Curso-21_22-3-1.pdf\">PDI &#8220;ALEN DO AZUL&#8221; 21-22<\/a><a href=\"https:\/\/biblioteca.colexioandersen.es\/wp-content\/uploads\/2021\/10\/Proxecto-Documental-Integrado-ALEN-DO-AZUL-Curso-21_22-3-1.pdf\" class=\"wp-block-file__button\" download aria-describedby=\"wp-block-file--media-fcb5bac0-379c-4bc7-89ce-f99f009696e6\">Descarga\t <\/a><\/div>\n","protected":false},"excerpt":{"rendered":"<p>CURSO 2022-2023 A HISTORIA ENTRE COSTURAS &#8230;desde tempos remotos as mulleres contaron historias, cantaron romances e enfiaron versos ao amor da fogueira. Ao longo dos tempos, foron sobre todo as mulleres as encargadas de deslear na noite a memoria dos&#8230; <a class=\"more-link\" href=\"https:\/\/biblioteca.colexioandersen.es\/index.php\/proxecto-didactico-integrado\/\">Continue Reading &rarr;<\/a><\/p>\n","protected":false},"author":2,"featured_media":0,"parent":0,"menu_order":0,"comment_status":"closed","ping_status":"closed","template":"","meta":{"footnotes":""},"_links":{"self":[{"href":"https:\/\/biblioteca.colexioandersen.es\/index.php\/wp-json\/wp\/v2\/pages\/502"}],"collection":[{"href":"https:\/\/biblioteca.colexioandersen.es\/index.php\/wp-json\/wp\/v2\/pages"}],"about":[{"href":"https:\/\/biblioteca.colexioandersen.es\/index.php\/wp-json\/wp\/v2\/types\/page"}],"author":[{"embeddable":true,"href":"https:\/\/biblioteca.colexioandersen.es\/index.php\/wp-json\/wp\/v2\/users\/2"}],"replies":[{"embeddable":true,"href":"https:\/\/biblioteca.colexioandersen.es\/index.php\/wp-json\/wp\/v2\/comments?post=502"}],"version-history":[{"count":9,"href":"https:\/\/biblioteca.colexioandersen.es\/index.php\/wp-json\/wp\/v2\/pages\/502\/revisions"}],"predecessor-version":[{"id":789,"href":"https:\/\/biblioteca.colexioandersen.es\/index.php\/wp-json\/wp\/v2\/pages\/502\/revisions\/789"}],"wp:attachment":[{"href":"https:\/\/biblioteca.colexioandersen.es\/index.php\/wp-json\/wp\/v2\/media?parent=502"}],"curies":[{"name":"wp","href":"https:\/\/api.w.org\/{rel}","templated":true}]}}